{"id":1240,"date":"2023-05-23T15:24:56","date_gmt":"2023-05-23T13:24:56","guid":{"rendered":"https:\/\/srv-juriste-victimes.fr\/?page_id=1240"},"modified":"2026-02-23T15:41:16","modified_gmt":"2026-02-23T14:41:16","slug":"droit-de-la-famille","status":"publish","type":"page","link":"https:\/\/srv-juriste-victimes.fr\/index.php\/blog-actualites\/droit-de-la-famille\/","title":{"rendered":"Droit de la famille"},"content":{"rendered":"\n<div class=\"wp-block-query is-layout-flow wp-block-query-is-layout-flow\"><ul class=\"wp-block-post-template is-layout-flow wp-block-post-template-is-layout-flow\"><li class=\"wp-block-post post-2005 post type-post status-publish format-standard hentry category-droit-de-la-famille\">\n<h2 class=\"wp-block-post-title\"><a href=\"https:\/\/srv-juriste-victimes.fr\/index.php\/2025\/01\/26\/devoir-conjugal-viol-conjugal-divorce-pour-faute\/\" target=\"_self\" >Devoir conjugal, viol conjugal, divorce pour faute<\/a><\/h2>\n\n\n\n<div class=\"wp-block-post-date\"><time datetime=\"2025-01-26T12:55:30+01:00\">26 janvier 2025<\/time><\/div>\n\n<div class=\"wp-block-post-excerpt\"><p class=\"wp-block-post-excerpt__excerpt\">Le devoir conjugal condamn\u00e9 par la Cour europ\u00e9enne des droits de l\u2019homme : Une victoire contre le viol conjugal et le divorce pour faute Le 23 janvier 2025, la Cour europ\u00e9enne des droits de l\u2019homme (CEDH) a rendu une d\u00e9cision qui marque un tournant dans la reconnaissance des droits individuels au sein du mariage. En\u2026 <\/p><\/div>\n\n\n<hr class=\"wp-block-separator has-css-opacity\"\/>\n\n<\/li><li class=\"wp-block-post post-1720 post type-post status-publish format-standard has-post-thumbnail hentry category-droit-de-la-famille\">\n<h2 class=\"wp-block-post-title\"><a href=\"https:\/\/srv-juriste-victimes.fr\/index.php\/2024\/01\/11\/la-pension-alimentaire-et-le-partage-des-frais-exceptionnels-un-equilibre-delicat\/\" target=\"_self\" >La Pension Alimentaire et le Partage des Frais Exceptionnels : Un \u00e9quilibre D\u00e9licat<\/a><\/h2>\n\n<figure class=\"alignwide wp-block-post-featured-image\"><a href=\"https:\/\/srv-juriste-victimes.fr\/index.php\/2024\/01\/11\/la-pension-alimentaire-et-le-partage-des-frais-exceptionnels-un-equilibre-delicat\/\" target=\"_self\"  ><img loading=\"lazy\" decoding=\"async\" width=\"1087\" height=\"720\" src=\"https:\/\/srv-juriste-victimes.fr\/wp-content\/uploads\/2024\/01\/child-5033381_1280.jpg\" class=\"attachment-post-thumbnail size-post-thumbnail wp-post-image\" alt=\"La Pension Alimentaire et le Partage des Frais Exceptionnels : Un \u00e9quilibre D\u00e9licat\" style=\"object-fit:cover;\" srcset=\"https:\/\/srv-juriste-victimes.fr\/wp-content\/uploads\/2024\/01\/child-5033381_1280.jpg 1087w, https:\/\/srv-juriste-victimes.fr\/wp-content\/uploads\/2024\/01\/child-5033381_1280-300x199.jpg 300w, https:\/\/srv-juriste-victimes.fr\/wp-content\/uploads\/2024\/01\/child-5033381_1280-1024x678.jpg 1024w, https:\/\/srv-juriste-victimes.fr\/wp-content\/uploads\/2024\/01\/child-5033381_1280-768x509.jpg 768w\" sizes=\"auto, (max-width: 1087px) 100vw, 1087px\" \/><\/a><\/figure>\n\n<div class=\"wp-block-post-date\"><time datetime=\"2024-01-11T20:13:05+01:00\">11 janvier 2024<\/time><\/div>\n\n<div class=\"wp-block-post-excerpt\"><p class=\"wp-block-post-excerpt__excerpt\">Dans ma pratique, la question de la pension alimentaire et le partage des frais exceptionnels sont sources de conflits et favorisent le continuum des violences conjugales. Rappelons que ces deux \u00e9l\u00e9ments visent \u00e0 assurer le bien-\u00eatre financier des enfants tout en tenant compte des d\u00e9penses extraordinaires qui peuvent survenir. La pension alimentaire La pension alimentaire\u2026 <\/p><\/div>\n\n\n<hr class=\"wp-block-separator has-css-opacity\"\/>\n\n<\/li><li class=\"wp-block-post post-1636 post type-post status-publish format-standard has-post-thumbnail hentry category-droit-de-la-famille\">\n<h2 class=\"wp-block-post-title\"><a href=\"https:\/\/srv-juriste-victimes.fr\/index.php\/2023\/09\/04\/la-prime-de-rentree-en-cas-de-separation-quels-sont-vos-droits\/\" target=\"_self\" >La prime de rentr\u00e9e en cas de s\u00e9paration : quels sont vos droits ?<\/a><\/h2>\n\n<figure class=\"alignwide wp-block-post-featured-image\"><a href=\"https:\/\/srv-juriste-victimes.fr\/index.php\/2023\/09\/04\/la-prime-de-rentree-en-cas-de-separation-quels-sont-vos-droits\/\" target=\"_self\"  ><img loading=\"lazy\" decoding=\"async\" width=\"300\" height=\"200\" src=\"https:\/\/srv-juriste-victimes.fr\/wp-content\/uploads\/2023\/05\/information-juridique-300x200-1.jpg\" class=\"attachment-post-thumbnail size-post-thumbnail wp-post-image\" alt=\"La prime de rentr\u00e9e en cas de s\u00e9paration : quels sont vos droits ?\" style=\"object-fit:cover;\" \/><\/a><\/figure>\n\n<div class=\"wp-block-post-date\"><time datetime=\"2023-09-04T08:00:00+02:00\">4 septembre 2023<\/time><\/div>\n\n<div class=\"wp-block-post-excerpt\"><p class=\"wp-block-post-excerpt__excerpt\">Lors de s\u00e9paration difficile o\u00f9 se m\u00eale des violences conjugales, la question du destinataire de la prime de rentr\u00e9e de scolaire est un moyen d\u2019exercer une pression \u00e0 l\u2019\u00e9gard de celui qui en est destinataire <\/p><\/div>\n\n\n<hr class=\"wp-block-separator has-css-opacity\"\/>\n\n<\/li><\/ul><\/div>\n","protected":false},"excerpt":{"rendered":"","protected":false},"author":3,"featured_media":0,"parent":17,"menu_order":0,"comment_status":"closed","ping_status":"closed","template":"","meta":{"_acf_changed":false,"_seopress_robots_primary_cat":"","_seopress_titles_title":"Droit de la famille - SRV Juriste Victimes - Votre Juriste Au Quotidien","_seopress_titles_desc":"Suivez les actualit\u00e9s juridiques pour tout savoir en mati\u00e8re de droit de la famille. Abonnez-vous \u00e0 ma newsletter pour suivre les actualit\u00e9s juridiques et victimologiques.","_seopress_robots_index":"","_uag_custom_page_level_css":"","site-sidebar-layout":"right-sidebar","site-content-layout":"","ast-site-content-layout":"default","site-content-style":"default","site-sidebar-style":"default","ast-global-header-display":"","ast-banner-title-visibility":"","ast-main-header-display":"","ast-hfb-above-header-display":"","ast-hfb-below-header-display":"","ast-hfb-mobile-header-display":"","site-post-title":"","ast-breadcrumbs-content":"","ast-featured-img":"","footer-sml-layout":"","ast-disable-related-posts":"","theme-transparent-header-meta":"","adv-header-id-meta":"","stick-header-meta":"","header-above-stick-meta":"","header-main-stick-meta":"","header-below-stick-meta":"","astra-migrate-meta-layouts":"set","ast-page-background-enabled":"default","ast-page-background-meta":{"desktop":{"background-color":"var(--ast-global-color-4)","background-image":"","background-repeat":"repeat","background-position":"center center","background-size":"auto","background-attachment":"scroll","background-type":"","background-media":"","overlay-type":"","overlay-color":"","overlay-opacity":"","overlay-gradient":""},"tablet":{"background-color":"","background-image":"","background-repeat":"repeat","background-position":"center center","background-size":"auto","background-attachment":"scroll","background-type":"","background-media":"","overlay-type":"","overlay-color":"","overlay-opacity":"","overlay-gradient":""},"mobile":{"background-color":"","background-image":"","background-repeat":"repeat","background-position":"center center","background-size":"auto","background-attachment":"scroll","background-type":"","background-media":"","overlay-type":"","overlay-color":"","overlay-opacity":"","overlay-gradient":""}},"ast-content-background-meta":{"desktop":{"background-color":"var(--ast-global-color-5)","background-image":"","background-repeat":"repeat","background-position":"center center","background-size":"auto","background-attachment":"scroll","background-type":"","background-media":"","overlay-type":"","overlay-color":"","overlay-opacity":"","overlay-gradient":""},"tablet":{"background-color":"var(--ast-global-color-5)","background-image":"","background-repeat":"repeat","background-position":"center center","background-size":"auto","background-attachment":"scroll","background-type":"","background-media":"","overlay-type":"","overlay-color":"","overlay-opacity":"","overlay-gradient":""},"mobile":{"background-color":"var(--ast-global-color-5)","background-image":"","background-repeat":"repeat","background-position":"center center","background-size":"auto","background-attachment":"scroll","background-type":"","background-media":"","overlay-type":"","overlay-color":"","overlay-opacity":"","overlay-gradient":""}},"footnotes":""},"class_list":["post-1240","page","type-page","status-publish","hentry"],"acf":[],"uagb_featured_image_src":{"full":false,"thumbnail":false,"medium":false,"medium_large":false,"large":false,"1536x1536":false,"2048x2048":false},"uagb_author_info":{"display_name":"SRV","author_link":"https:\/\/srv-juriste-victimes.fr\/index.php\/author\/srv\/"},"uagb_comment_info":0,"uagb_excerpt":null,"_links":{"self":[{"href":"https:\/\/srv-juriste-victimes.fr\/index.php\/wp-json\/wp\/v2\/pages\/1240","targetHints":{"allow":["GET"]}}],"collection":[{"href":"https:\/\/srv-juriste-victimes.fr\/index.php\/wp-json\/wp\/v2\/pages"}],"about":[{"href":"https:\/\/srv-juriste-victimes.fr\/index.php\/wp-json\/wp\/v2\/types\/page"}],"author":[{"embeddable":true,"href":"https:\/\/srv-juriste-victimes.fr\/index.php\/wp-json\/wp\/v2\/users\/3"}],"replies":[{"embeddable":true,"href":"https:\/\/srv-juriste-victimes.fr\/index.php\/wp-json\/wp\/v2\/comments?post=1240"}],"version-history":[{"count":3,"href":"https:\/\/srv-juriste-victimes.fr\/index.php\/wp-json\/wp\/v2\/pages\/1240\/revisions"}],"predecessor-version":[{"id":2237,"href":"https:\/\/srv-juriste-victimes.fr\/index.php\/wp-json\/wp\/v2\/pages\/1240\/revisions\/2237"}],"up":[{"embeddable":true,"href":"https:\/\/srv-juriste-victimes.fr\/index.php\/wp-json\/wp\/v2\/pages\/17"}],"wp:attachment":[{"href":"https:\/\/srv-juriste-victimes.fr\/index.php\/wp-json\/wp\/v2\/media?parent=1240"}],"curies":[{"name":"wp","href":"https:\/\/api.w.org\/{rel}","templated":true}]}}