{"id":1650,"date":"2023-10-02T11:26:25","date_gmt":"2023-10-02T09:26:25","guid":{"rendered":"https:\/\/srv-juriste-victimes.fr\/?page_id=1650"},"modified":"2024-11-18T15:59:21","modified_gmt":"2024-11-18T14:59:21","slug":"souscription-newsletter","status":"publish","type":"page","link":"https:\/\/srv-juriste-victimes.fr\/index.php\/souscription-newsletter\/","title":{"rendered":"Souscription \u00e0 ma newsletter"},"content":{"rendered":"\n<div class=\"wp-block-uagb-container uagb-block-2ed4bc94 alignfull uagb-is-root-container\"><div class=\"uagb-container-inner-blocks-wrap\">\n<p class=\"has-text-align-center has-ast-global-color-8-background-color has-background\"><strong>Restons connect\u00e9s gr\u00e2ce \u00e0 ma newsletter mensuelle<\/strong><br><strong><br><\/strong>Je vous propose des articles simples et courts sur vos droits ainsi que des questions\/r\u00e9ponses issues de ma pratique. <br><br><img loading=\"lazy\" decoding=\"async\" width=\"150\" height=\"150\" class=\"wp-image-619\" style=\"width: 150px;\" src=\"https:\/\/srv-juriste-victimes.fr\/wp-content\/uploads\/2023\/05\/professionnels.jpeg\" alt=\"professionnels\" srcset=\"https:\/\/srv-juriste-victimes.fr\/wp-content\/uploads\/2023\/05\/professionnels.jpeg 512w, https:\/\/srv-juriste-victimes.fr\/wp-content\/uploads\/2023\/05\/professionnels-300x300.jpeg 300w, https:\/\/srv-juriste-victimes.fr\/wp-content\/uploads\/2023\/05\/professionnels-150x150.jpeg 150w\" sizes=\"auto, (max-width: 150px) 100vw, 150px\" \/><br><br><em>\u00ab\u00a0Une soci\u00e9t\u00e9 plus juste ne peut passer que par une dignit\u00e9 rendue \u00e0 l&rsquo;ensemble de l&rsquo;Humanit\u00e9, et ce sans exception\u00a0\u00bb\u00a0R.Badinter <\/em><br><\/p>\n\n\n\n<div style=\"padding:20px\" class=\"wp-block-tnp-minimal\"><p>Souscrivez \u00e0 ma newsletter<\/p><div>[newsletter_form type=\u00a0\u00bbminimal\u00a0\u00bb]<\/div><\/div>\n<\/div><\/div>\n","protected":false},"excerpt":{"rendered":"<p>Restons connect\u00e9s gr\u00e2ce \u00e0 ma newsletter mensuelleJe vous propose des articles simples et courts sur vos droits ainsi que des questions\/r\u00e9ponses issues de ma pratique. \u00ab\u00a0Une soci\u00e9t\u00e9 plus juste ne peut passer que par une dignit\u00e9 rendue \u00e0 l&rsquo;ensemble de l&rsquo;Humanit\u00e9, et ce sans exception\u00a0\u00bb\u00a0R.Badinter<\/p>\n","protected":false},"author":3,"featured_media":0,"parent":0,"menu_order":0,"comment_status":"closed","ping_status":"closed","template":"","meta":{"_acf_changed":false,"_seopress_robots_primary_cat":"","_seopress_titles_title":"","_seopress_titles_desc":"","_seopress_robots_index":"","_uag_custom_page_level_css":"","site-sidebar-layout":"default","site-content-layout":"","ast-site-content-layout":"default","site-content-style":"default","site-sidebar-style":"default","ast-global-header-display":"","ast-banner-title-visibility":"","ast-main-header-display":"","ast-hfb-above-header-display":"","ast-hfb-below-header-display":"","ast-hfb-mobile-header-display":"","site-post-title":"","ast-breadcrumbs-content":"","ast-featured-img":"","footer-sml-layout":"","ast-disable-related-posts":"","theme-transparent-header-meta":"","adv-header-id-meta":"","stick-header-meta":"","header-above-stick-meta":"","header-main-stick-meta":"","header-below-stick-meta":"","astra-migrate-meta-layouts":"set","ast-page-background-enabled":"default","ast-page-background-meta":{"desktop":{"background-color":"var(--ast-global-color-4)","background-image":"","background-repeat":"repeat","background-position":"center center","background-size":"auto","background-attachment":"scroll","background-type":"","background-media":"","overlay-type":"","overlay-color":"","overlay-opacity":"","overlay-gradient":""},"tablet":{"background-color":"","background-image":"","background-repeat":"repeat","background-position":"center center","background-size":"auto","background-attachment":"scroll","background-type":"","background-media":"","overlay-type":"","overlay-color":"","overlay-opacity":"","overlay-gradient":""},"mobile":{"background-color":"","background-image":"","background-repeat":"repeat","background-position":"center center","background-size":"auto","background-attachment":"scroll","background-type":"","background-media":"","overlay-type":"","overlay-color":"","overlay-opacity":"","overlay-gradient":""}},"ast-content-background-meta":{"desktop":{"background-color":"var(--ast-global-color-5)","background-image":"","background-repeat":"repeat","background-position":"center center","background-size":"auto","background-attachment":"scroll","background-type":"","background-media":"","overlay-type":"","overlay-color":"","overlay-opacity":"","overlay-gradient":""},"tablet":{"background-color":"var(--ast-global-color-5)","background-image":"","background-repeat":"repeat","background-position":"center center","background-size":"auto","background-attachment":"scroll","background-type":"","background-media":"","overlay-type":"","overlay-color":"","overlay-opacity":"","overlay-gradient":""},"mobile":{"background-color":"var(--ast-global-color-5)","background-image":"","background-repeat":"repeat","background-position":"center center","background-size":"auto","background-attachment":"scroll","background-type":"","background-media":"","overlay-type":"","overlay-color":"","overlay-opacity":"","overlay-gradient":""}},"footnotes":""},"class_list":["post-1650","page","type-page","status-publish","hentry"],"acf":[],"uagb_featured_image_src":{"full":false,"thumbnail":false,"medium":false,"medium_large":false,"large":false,"1536x1536":false,"2048x2048":false},"uagb_author_info":{"display_name":"SRV","author_link":"https:\/\/srv-juriste-victimes.fr\/index.php\/author\/srv\/"},"uagb_comment_info":0,"uagb_excerpt":"Restons connect\u00e9s gr\u00e2ce \u00e0 ma newsletter mensuelleJe vous propose des articles simples et courts sur vos droits ainsi que des questions\/r\u00e9ponses issues de ma pratique. \u00ab\u00a0Une soci\u00e9t\u00e9 plus juste ne peut passer que par une dignit\u00e9 rendue \u00e0 l&rsquo;ensemble de l&rsquo;Humanit\u00e9, et ce sans exception\u00a0\u00bb\u00a0R.Badinter","_links":{"self":[{"href":"https:\/\/srv-juriste-victimes.fr\/index.php\/wp-json\/wp\/v2\/pages\/1650","targetHints":{"allow":["GET"]}}],"collection":[{"href":"https:\/\/srv-juriste-victimes.fr\/index.php\/wp-json\/wp\/v2\/pages"}],"about":[{"href":"https:\/\/srv-juriste-victimes.fr\/index.php\/wp-json\/wp\/v2\/types\/page"}],"author":[{"embeddable":true,"href":"https:\/\/srv-juriste-victimes.fr\/index.php\/wp-json\/wp\/v2\/users\/3"}],"replies":[{"embeddable":true,"href":"https:\/\/srv-juriste-victimes.fr\/index.php\/wp-json\/wp\/v2\/comments?post=1650"}],"version-history":[{"count":12,"href":"https:\/\/srv-juriste-victimes.fr\/index.php\/wp-json\/wp\/v2\/pages\/1650\/revisions"}],"predecessor-version":[{"id":1876,"href":"https:\/\/srv-juriste-victimes.fr\/index.php\/wp-json\/wp\/v2\/pages\/1650\/revisions\/1876"}],"wp:attachment":[{"href":"https:\/\/srv-juriste-victimes.fr\/index.php\/wp-json\/wp\/v2\/media?parent=1650"}],"curies":[{"name":"wp","href":"https:\/\/api.w.org\/{rel}","templated":true}]}}