{"id":1880,"date":"2024-10-30T14:52:38","date_gmt":"2024-10-30T13:52:38","guid":{"rendered":"https:\/\/srv-juriste-victimes.fr\/?page_id=1880"},"modified":"2024-11-18T15:40:01","modified_gmt":"2024-11-18T14:40:01","slug":"pme-cse","status":"publish","type":"page","link":"https:\/\/srv-juriste-victimes.fr\/index.php\/pme-cse\/","title":{"rendered":"PME\/CSE"},"content":{"rendered":"\n<div class=\"wp-block-uagb-container uagb-block-94dfdadd default uagb-is-root-container\">\n<div class=\"wp-block-uagb-container uagb-block-e8925cc7\">\n<div class=\"wp-block-uagb-advanced-heading uagb-block-479a7e0f\"><h2 class=\"uagb-heading-text\">Pr\u00e9vention des risques psychosociaux<\/h2><\/div>\n\n\n\n<div class=\"wp-block-uagb-advanced-heading uagb-block-329101d8\"><h3 class=\"uagb-heading-text\">PME\/CSE : Accompagnement en pr\u00e9vention des risques psychosociaux<\/h3><\/div>\n\n\n\n<div class=\"wp-block-uagb-image alignleft uagb-block-b2fa7832 wp-block-uagb-image--layout-default wp-block-uagb-image--effect-static wp-block-uagb-image--align-left\"><figure class=\"wp-block-uagb-image__figure\"><img decoding=\"async\" srcset=\"https:\/\/srv-juriste-victimes.fr\/wp-content\/uploads\/2024\/10\/risques-psychosociaux.jpg ,https:\/\/srv-juriste-victimes.fr\/wp-content\/uploads\/2024\/10\/risques-psychosociaux.jpg 780w, https:\/\/srv-juriste-victimes.fr\/wp-content\/uploads\/2024\/10\/risques-psychosociaux.jpg 360w\" sizes=\"auto, (max-width: 480px) 150px\" src=\"https:\/\/srv-juriste-victimes.fr\/wp-content\/uploads\/2024\/10\/risques-psychosociaux.jpg\" alt=\"risques psychosociaux\" class=\"uag-image-1902\" width=\"460\" height=\"307\" title=\"risques-psychosociaux\" loading=\"lazy\" role=\"img\"\/><\/figure><\/div>\n\n\n\n<p class=\"has-medium-font-size\" style=\"line-height:2\">En tant que dirigeants de PME ou \u00e9lus du Comit\u00e9 Social et \u00c9conomique (CSE), vous savez que les risques psychosociaux (RPS) \u2013 comme le stress, le burn-out, et le harc\u00e8lement \u2013 peuvent affecter directement la sant\u00e9 de vos \u00e9quipes et la performance de votre entreprise. Les chiffres sont alarmants : en France, pr\u00e8s d&rsquo;un salari\u00e9 sur cinq est expos\u00e9 \u00e0 un stress intense au travail, avec un impact significatif sur l\u2019absent\u00e9isme et la rotation des effectifs. Les RPS repr\u00e9sentent \u00e9galement plusieurs milliards d\u2019euros de co\u00fbts annuels pour les entreprises, entre pertes de productivit\u00e9, frais m\u00e9dicaux et gestion des absences.<\/p>\n\n\n\n<p class=\"has-medium-font-size\" style=\"line-height:2\">Pour faire face \u00e0 ces enjeux, je vous propose un accompagnement complet et concret. Juriste sp\u00e9cialis\u00e9e en droit du travail et en victimologie, je mets mon expertise au service de la pr\u00e9vention des RPS au sein de votre structure. Mon approche s\u2019articule autour de plusieurs axes concrets :<\/p>\n\n\n\n<div class=\"wp-block-uagb-icon-list uagb-block-b3ff216a\"><div class=\"uagb-icon-list__wrap\">\n<div class=\"wp-block-uagb-icon-list-child uagb-block-6310eb88\"><span class=\"uagb-icon-list__source-wrap\"><svg xmlns=\"https:\/\/www.w3.org\/2000\/svg\" viewBox=\"0 0 512 512\"><path d=\"M256 0C114.6 0 0 114.6 0 256c0 141.4 114.6 256 256 256s256-114.6 256-256C512 114.6 397.4 0 256 0zM406.6 278.6l-103.1 103.1c-12.5 12.5-32.75 12.5-45.25 0s-12.5-32.75 0-45.25L306.8 288H128C110.3 288 96 273.7 96 256s14.31-32 32-32h178.8l-49.38-49.38c-12.5-12.5-12.5-32.75 0-45.25s32.75-12.5 45.25 0l103.1 103.1C414.6 241.3 416 251.1 416 256C416 260.9 414.6 270.7 406.6 278.6z\"><\/path><\/svg><\/span><span class=\"uagb-icon-list__label\"><strong>Diagnostic approfondi des risques psychosociaux<\/strong> : gr\u00e2ce \u00e0 des audits et des \u00e9valuations personnalis\u00e9es, nous identifions les sources potentielles de risques au sein de vos \u00e9quipes, en tenant compte des sp\u00e9cificit\u00e9s de votre entreprise et des d\u00e9fis propres \u00e0 votre secteur.<\/span><\/div>\n\n\n\n<div class=\"wp-block-uagb-icon-list-child uagb-block-240495be\"><span class=\"uagb-icon-list__source-wrap\"><svg xmlns=\"https:\/\/www.w3.org\/2000\/svg\" viewBox=\"0 0 512 512\"><path d=\"M256 0C114.6 0 0 114.6 0 256c0 141.4 114.6 256 256 256s256-114.6 256-256C512 114.6 397.4 0 256 0zM406.6 278.6l-103.1 103.1c-12.5 12.5-32.75 12.5-45.25 0s-12.5-32.75 0-45.25L306.8 288H128C110.3 288 96 273.7 96 256s14.31-32 32-32h178.8l-49.38-49.38c-12.5-12.5-12.5-32.75 0-45.25s32.75-12.5 45.25 0l103.1 103.1C414.6 241.3 416 251.1 416 256C416 260.9 414.6 270.7 406.6 278.6z\"><\/path><\/svg><\/span><span class=\"uagb-icon-list__label\"><strong>Formation et sensibilisation des \u00e9quipes<\/strong> : des sessions d\u00e9di\u00e9es pour sensibiliser et former dirigeants, managers et \u00e9lus du CSE aux enjeux des RPS, avec des outils pratiques pour d\u00e9tecter les signaux faibles et r\u00e9agir de mani\u00e8re proactive.<\/span><\/div>\n\n\n\n<div class=\"wp-block-uagb-icon-list-child uagb-block-e1e8efcf\"><span class=\"uagb-icon-list__source-wrap\"><svg xmlns=\"https:\/\/www.w3.org\/2000\/svg\" viewBox=\"0 0 512 512\"><path d=\"M256 0C114.6 0 0 114.6 0 256c0 141.4 114.6 256 256 256s256-114.6 256-256C512 114.6 397.4 0 256 0zM406.6 278.6l-103.1 103.1c-12.5 12.5-32.75 12.5-45.25 0s-12.5-32.75 0-45.25L306.8 288H128C110.3 288 96 273.7 96 256s14.31-32 32-32h178.8l-49.38-49.38c-12.5-12.5-12.5-32.75 0-45.25s32.75-12.5 45.25 0l103.1 103.1C414.6 241.3 416 251.1 416 256C416 260.9 414.6 270.7 406.6 278.6z\"><\/path><\/svg><\/span><span class=\"uagb-icon-list__label\"><strong>Mise en place de strat\u00e9gies de pr\u00e9vention sur mesure<\/strong> : en vous fournissant des m\u00e9thodes concr\u00e8tes et des supports adapt\u00e9s, je vous accompagne dans l\u2019instauration d\u2019un environnement de travail serein et s\u00e9curis\u00e9, o\u00f9 le bien-\u00eatre des salari\u00e9s est une priorit\u00e9.<\/span><\/div>\n<\/div><\/div>\n\n\n\n<p class=\"has-medium-font-size\" style=\"line-height:2\">Faire appel \u00e0 un consultant ayant une double expertise en droit du travail et en victimologie vous garantit une approche pr\u00e9cise, \u00e0 la fois juridique et humaine. Ensemble, nous construisons une politique de pr\u00e9vention solide et durable, favorisant un climat de travail propice \u00e0 la performance et \u00e0 l\u2019engagement de vos \u00e9quipes<\/p>\n\n\n\n<div class=\"wp-block-uagb-buttons uagb-buttons__outer-wrap uagb-btn__default-btn uagb-btn-tablet__default-btn uagb-btn-mobile__default-btn uagb-block-b94cd79b\"><div class=\"uagb-buttons__wrap uagb-buttons-layout-wrap \">\n<div class=\"wp-block-uagb-buttons-child uagb-buttons__outer-wrap uagb-block-2c4b6432 wp-block-button\"><div class=\"uagb-button__wrapper\"><a class=\"uagb-buttons-repeater wp-block-button__link\" aria-label=\"\" href=\"https:\/\/srv-juriste-victimes.fr\/index.php\/pme-cse\/prevention-des-risques-psychosociaux\/\" rel=\"follow noopener\" target=\"_self\" role=\"button\"><div class=\"uagb-button__link\">Lire les articles<\/div><\/a><\/div><\/div>\n<\/div><\/div>\n<\/div>\n\n\n\n<div class=\"wp-block-uagb-separator uagb-block-c1c7fb2e\"><div class=\"uagb-separator-spacing-wrapper\"><div class=\"wp-block-uagb-separator__inner\" style=\"--my-background-image:\"><\/div><\/div><\/div>\n\n\n\n<div class=\"wp-block-uagb-container uagb-block-2255a0bc\">\n<div class=\"wp-block-uagb-advanced-heading uagb-block-3d94723f\"><h2 class=\"uagb-heading-text\">Enqu\u00eate harc\u00e8lement moral\/sexuel<\/h2><\/div>\n\n\n\n<div class=\"wp-block-uagb-image alignleft uagb-block-bfc1bf59 wp-block-uagb-image--layout-default wp-block-uagb-image--effect-static wp-block-uagb-image--align-left\"><figure class=\"wp-block-uagb-image__figure\"><img decoding=\"async\" srcset=\"https:\/\/srv-juriste-victimes.fr\/wp-content\/uploads\/2024\/10\/enquete-harcelement.jpg ,https:\/\/srv-juriste-victimes.fr\/wp-content\/uploads\/2024\/10\/enquete-harcelement.jpg 780w, https:\/\/srv-juriste-victimes.fr\/wp-content\/uploads\/2024\/10\/enquete-harcelement.jpg 360w\" sizes=\"auto, (max-width: 480px) 150px\" src=\"https:\/\/srv-juriste-victimes.fr\/wp-content\/uploads\/2024\/10\/enquete-harcelement.jpg\" alt=\"Enqu\u00eate harc\u00e8lement moral\/sexuel\" class=\"uag-image-1903\" width=\"460\" height=\"307\" title=\"enquete-harcelement\" loading=\"lazy\" role=\"img\"\/><\/figure><\/div>\n\n\n\n<p class=\"has-medium-font-size\" style=\"line-height:2\">Dans un contexte o\u00f9 le respect et la s\u00e9curit\u00e9 de chaque collaborateur sont primordiaux, la d\u00e9tection et la gestion des cas de harc\u00e8lement moral et sexuel rev\u00eatent une importance cruciale.<\/p>\n\n\n\n<p class=\"has-medium-font-size\" style=\"line-height:2\">Le harc\u00e8lement au travail, qu\u2019il soit moral ou sexuel, entra\u00eene des r\u00e9percussions graves pour les collaborateurs et l\u2019entreprise : perte de motivation, d\u00e9tresse psychologique, et un fort taux d\u2019absent\u00e9isme. En France, le co\u00fbt de ces situations est estim\u00e9 \u00e0 des milliards d\u2019euros par an en raison de la baisse de productivit\u00e9 et des arr\u00eats de travail fr\u00e9quents. Environ 20 % des employ\u00e9s rapportent avoir v\u00e9cu du harc\u00e8lement, ce qui souligne l&rsquo;urgence de r\u00e9pondre efficacement.<\/p>\n\n\n\n<p class=\"has-medium-font-size\" style=\"line-height:2\">En tant que consultante sp\u00e9cialis\u00e9e, je vous apporte un accompagnement complet pour g\u00e9rer ces situations avec rigueur et bienveillance :<\/p>\n\n\n\n<div class=\"wp-block-uagb-icon-list uagb-block-23b5304b\"><div class=\"uagb-icon-list__wrap\">\n<div class=\"wp-block-uagb-icon-list-child uagb-block-fbda5b81\"><span class=\"uagb-icon-list__source-wrap\"><svg xmlns=\"https:\/\/www.w3.org\/2000\/svg\" viewBox=\"0 0 512 512\"><path d=\"M256 0C114.6 0 0 114.6 0 256c0 141.4 114.6 256 256 256s256-114.6 256-256C512 114.6 397.4 0 256 0zM406.6 278.6l-103.1 103.1c-12.5 12.5-32.75 12.5-45.25 0s-12.5-32.75 0-45.25L306.8 288H128C110.3 288 96 273.7 96 256s14.31-32 32-32h178.8l-49.38-49.38c-12.5-12.5-12.5-32.75 0-45.25s32.75-12.5 45.25 0l103.1 103.1C414.6 241.3 416 251.1 416 256C416 260.9 414.6 270.7 406.6 278.6z\"><\/path><\/svg><\/span><span class=\"uagb-icon-list__label\"><strong>\u00c9valuation pr\u00e9liminaire des signalements<\/strong> <strong>:<\/strong> Analyse approfondie des situations signal\u00e9es pour d\u00e9terminer les d\u00e9marches les plus adapt\u00e9es.<\/span><\/div>\n\n\n\n<div class=\"wp-block-uagb-icon-list-child uagb-block-2c98d974\"><span class=\"uagb-icon-list__source-wrap\"><svg xmlns=\"https:\/\/www.w3.org\/2000\/svg\" viewBox=\"0 0 512 512\"><path d=\"M256 0C114.6 0 0 114.6 0 256c0 141.4 114.6 256 256 256s256-114.6 256-256C512 114.6 397.4 0 256 0zM406.6 278.6l-103.1 103.1c-12.5 12.5-32.75 12.5-45.25 0s-12.5-32.75 0-45.25L306.8 288H128C110.3 288 96 273.7 96 256s14.31-32 32-32h178.8l-49.38-49.38c-12.5-12.5-12.5-32.75 0-45.25s32.75-12.5 45.25 0l103.1 103.1C414.6 241.3 416 251.1 416 256C416 260.9 414.6 270.7 406.6 278.6z\"><\/path><\/svg><\/span><span class=\"uagb-icon-list__label\"><strong>Conduite d\u2019enqu\u00eates internes rigoureuses :<\/strong> Collecte impartiale de t\u00e9moignages et preuves, avec discr\u00e9tion et professionnalisme pour instaurer un climat de confiance.<\/span><\/div>\n\n\n\n<div class=\"wp-block-uagb-icon-list-child uagb-block-528bf6dd\"><span class=\"uagb-icon-list__source-wrap\"><svg xmlns=\"https:\/\/www.w3.org\/2000\/svg\" viewBox=\"0 0 512 512\"><path d=\"M256 0C114.6 0 0 114.6 0 256c0 141.4 114.6 256 256 256s256-114.6 256-256C512 114.6 397.4 0 256 0zM406.6 278.6l-103.1 103.1c-12.5 12.5-32.75 12.5-45.25 0s-12.5-32.75 0-45.25L306.8 288H128C110.3 288 96 273.7 96 256s14.31-32 32-32h178.8l-49.38-49.38c-12.5-12.5-12.5-32.75 0-45.25s32.75-12.5 45.25 0l103.1 103.1C414.6 241.3 416 251.1 416 256C416 260.9 414.6 270.7 406.6 278.6z\"><\/path><\/svg><\/span><span class=\"uagb-icon-list__label\"><strong>Propositions de solutions concr\u00e8tes et personnalis\u00e9es :<\/strong> Des recommandations claires pour instaurer un environnement de travail respectueux et s\u00e9curis\u00e9.<\/span><\/div>\n<\/div><\/div>\n\n\n\n<p class=\"has-medium-font-size\" style=\"line-height:2\">Gr\u00e2ce \u00e0 mon expertise en droit du travail et en victimologie, je vous accompagne pour adopter des mesures pr\u00e9ventives et correctives, assurant ainsi la s\u00e9curit\u00e9 et le bien-\u00eatre de tous les collaborateurs et pr\u00e9servant la r\u00e9putation de votre entreprise.<\/p>\n\n\n\n<div class=\"wp-block-uagb-buttons uagb-buttons__outer-wrap uagb-btn__default-btn uagb-btn-tablet__default-btn uagb-btn-mobile__default-btn uagb-block-4b00a9d8\"><div class=\"uagb-buttons__wrap uagb-buttons-layout-wrap \">\n<div class=\"wp-block-uagb-buttons-child uagb-buttons__outer-wrap uagb-block-aaf6a2f7 wp-block-button\"><div class=\"uagb-button__wrapper\"><a class=\"uagb-buttons-repeater wp-block-button__link\" aria-label=\"\" href=\"https:\/\/srv-juriste-victimes.fr\/index.php\/pme-cse\/enquete-harcelement\/\" rel=\"follow noopener\" target=\"_self\" role=\"button\"><div class=\"uagb-button__link\">Lire les articles<\/div><\/a><\/div><\/div>\n<\/div><\/div>\n<\/div>\n\n\n\n<div class=\"wp-block-uagb-separator uagb-block-4fb5e4c6\"><div class=\"uagb-separator-spacing-wrapper\"><div class=\"wp-block-uagb-separator__inner\" style=\"--my-background-image:\"><\/div><\/div><\/div>\n\n\n\n<div class=\"wp-block-uagb-container uagb-block-58c35357\">\n<div class=\"wp-block-uagb-advanced-heading uagb-block-b0daaeda\"><h2 class=\"uagb-heading-text\">Violences conjugales<\/h2><\/div>\n\n\n\n<div class=\"wp-block-uagb-image alignleft uagb-block-5e723602 wp-block-uagb-image--layout-default wp-block-uagb-image--effect-static wp-block-uagb-image--align-left\"><figure class=\"wp-block-uagb-image__figure\"><img decoding=\"async\" srcset=\"https:\/\/srv-juriste-victimes.fr\/wp-content\/uploads\/2024\/10\/violences-conjugales.jpg ,https:\/\/srv-juriste-victimes.fr\/wp-content\/uploads\/2024\/10\/violences-conjugales.jpg 780w, https:\/\/srv-juriste-victimes.fr\/wp-content\/uploads\/2024\/10\/violences-conjugales.jpg 360w\" sizes=\"auto, (max-width: 480px) 150px\" src=\"https:\/\/srv-juriste-victimes.fr\/wp-content\/uploads\/2024\/10\/violences-conjugales.jpg\" alt=\"Violences conjugales\" class=\"uag-image-1904\" width=\"460\" height=\"307\" title=\"violences-conjugales\" loading=\"lazy\" role=\"img\"\/><\/figure><\/div>\n\n\n\n<p class=\"has-medium-font-size\" style=\"line-height:2\">Saviez-vous que les violences conjugales touchent non seulement la vie personnelle de vos salari\u00e9s, mais ont \u00e9galement un impact direct sur la productivit\u00e9 de votre entreprise ? En effet, pr\u00e8s de 30 % des femmes victimes de violences conjugales d\u00e9clarent que cela affecte leur performance au travail. Les cons\u00e9quences sont alarmantes : absent\u00e9isme accru, baisse de la motivation et des performances, ainsi que des co\u00fbts li\u00e9s \u00e0 la sant\u00e9 mentale de vos \u00e9quipes.<\/p>\n\n\n\n<p class=\"has-medium-font-size\" style=\"line-height:2\">Les chiffres parlent d&rsquo;eux-m\u00eames : selon une \u00e9tude de l&rsquo;Institut National de la Statistique et des \u00c9tudes \u00c9conomiques (INSEE), les violences au sein du couple entra\u00eenent chaque ann\u00e9e des milliards d&rsquo;euros de pertes pour les entreprises en France, sans compter les r\u00e9percussions sur la sant\u00e9 des employ\u00e9s.<\/p>\n\n\n\n<p class=\"has-medium-font-size\" style=\"line-height:2\">Pour vous aider \u00e0 faire face \u00e0 ces enjeux cruciaux, je vous propose un accompagnement adapt\u00e9 et pragmatique. En tant que juriste sp\u00e9cialis\u00e9e en droit du travail et en victimologie, j&rsquo;ai d\u00e9velopp\u00e9 une approche globale pour la pr\u00e9vention des violences conjugales au travail, articul\u00e9e autour de plusieurs axes :<\/p>\n\n\n\n<div class=\"wp-block-uagb-icon-list uagb-block-5617bde9\"><div class=\"uagb-icon-list__wrap\">\n<div class=\"wp-block-uagb-icon-list-child uagb-block-366062e3\"><span class=\"uagb-icon-list__source-wrap\"><svg xmlns=\"https:\/\/www.w3.org\/2000\/svg\" viewBox=\"0 0 512 512\"><path d=\"M256 0C114.6 0 0 114.6 0 256c0 141.4 114.6 256 256 256s256-114.6 256-256C512 114.6 397.4 0 256 0zM406.6 278.6l-103.1 103.1c-12.5 12.5-32.75 12.5-45.25 0s-12.5-32.75 0-45.25L306.8 288H128C110.3 288 96 273.7 96 256s14.31-32 32-32h178.8l-49.38-49.38c-12.5-12.5-12.5-32.75 0-45.25s32.75-12.5 45.25 0l103.1 103.1C414.6 241.3 416 251.1 416 256C416 260.9 414.6 270.7 406.6 278.6z\"><\/path><\/svg><\/span><span class=\"uagb-icon-list__label\"><strong>Diagnostic des risques li\u00e9s aux violences conjugales :<\/strong> \u00c0 travers des audits et des \u00e9valuations personnalis\u00e9es, nous identifions les situations \u00e0 risque au sein de votre structure, en tenant compte de votre culture d&rsquo;entreprise et des particularit\u00e9s de votre secteur.<\/span><\/div>\n\n\n\n<div class=\"wp-block-uagb-icon-list-child uagb-block-862e82ca\"><span class=\"uagb-icon-list__source-wrap\"><svg xmlns=\"https:\/\/www.w3.org\/2000\/svg\" viewBox=\"0 0 512 512\"><path d=\"M256 0C114.6 0 0 114.6 0 256c0 141.4 114.6 256 256 256s256-114.6 256-256C512 114.6 397.4 0 256 0zM406.6 278.6l-103.1 103.1c-12.5 12.5-32.75 12.5-45.25 0s-12.5-32.75 0-45.25L306.8 288H128C110.3 288 96 273.7 96 256s14.31-32 32-32h178.8l-49.38-49.38c-12.5-12.5-12.5-32.75 0-45.25s32.75-12.5 45.25 0l103.1 103.1C414.6 241.3 416 251.1 416 256C416 260.9 414.6 270.7 406.6 278.6z\"><\/path><\/svg><\/span><span class=\"uagb-icon-list__label\"><strong>Formation et sensibilisation des \u00e9quipes :<\/strong> Je vous propose des sessions de formation pour sensibiliser vos managers et \u00e9lus du CSE aux enjeux des violences conjugales, en leur fournissant des outils concrets pour d\u00e9tecter les signes de souffrance et intervenir de mani\u00e8re appropri\u00e9e.<\/span><\/div>\n\n\n\n<div class=\"wp-block-uagb-icon-list-child uagb-block-0447ad2c\"><span class=\"uagb-icon-list__source-wrap\"><svg xmlns=\"https:\/\/www.w3.org\/2000\/svg\" viewBox=\"0 0 512 512\"><path d=\"M256 0C114.6 0 0 114.6 0 256c0 141.4 114.6 256 256 256s256-114.6 256-256C512 114.6 397.4 0 256 0zM406.6 278.6l-103.1 103.1c-12.5 12.5-32.75 12.5-45.25 0s-12.5-32.75 0-45.25L306.8 288H128C110.3 288 96 273.7 96 256s14.31-32 32-32h178.8l-49.38-49.38c-12.5-12.5-12.5-32.75 0-45.25s32.75-12.5 45.25 0l103.1 103.1C414.6 241.3 416 251.1 416 256C416 260.9 414.6 270.7 406.6 278.6z\"><\/path><\/svg><\/span><span class=\"uagb-icon-list__label\"><strong>Mise en place de protocoles de soutien et de pr\u00e9vention :<\/strong> Ensemble, nous d\u00e9velopperons des strat\u00e9gies sur mesure, avec des ressources adapt\u00e9es, pour instaurer un environnement de travail s\u00fbr et respectueux, garantissant le bien-\u00eatre de vos collaborateurs.<\/span><\/div>\n<\/div><\/div>\n\n\n\n<p class=\"has-medium-font-size\" style=\"line-height:2\">En faisant appel \u00e0 mes services, vous vous assurez d&rsquo;une approche \u00e9clair\u00e9e, alliant expertise juridique et compr\u00e9hension des enjeux humains. Ensemble, construisons une politique de pr\u00e9vention robuste, favorisant un climat de travail sain et une performance durable au sein de votre entreprise.<\/p>\n\n\n\n<div class=\"wp-block-uagb-buttons uagb-buttons__outer-wrap uagb-btn__default-btn uagb-btn-tablet__default-btn uagb-btn-mobile__default-btn uagb-block-c4fc2257\"><div class=\"uagb-buttons__wrap uagb-buttons-layout-wrap \">\n<div class=\"wp-block-uagb-buttons-child uagb-buttons__outer-wrap uagb-block-a5037fa9 wp-block-button\"><div class=\"uagb-button__wrapper\"><a class=\"uagb-buttons-repeater wp-block-button__link\" aria-label=\"\" href=\"https:\/\/srv-juriste-victimes.fr\/index.php\/pme-cse\/violences-conjugales\/\" rel=\"follow noopener\" target=\"_self\" role=\"button\"><div class=\"uagb-button__link\">Lire les articles<\/div><\/a><\/div><\/div>\n<\/div><\/div>\n<\/div>\n<\/div>\n","protected":false},"excerpt":{"rendered":"<p>Pr\u00e9vention des risques psychosociaux PME\/CSE : Accompagnement en pr\u00e9vention des risques psychosociaux En tant que dirigeants de PME ou \u00e9lus du Comit\u00e9 Social et \u00c9conomique (CSE), vous savez que les risques psychosociaux (RPS) \u2013 comme le stress, le burn-out, et le harc\u00e8lement \u2013 peuvent affecter directement la sant\u00e9 de vos \u00e9quipes et la performance de [&hellip;]<\/p>\n","protected":false},"author":3,"featured_media":0,"parent":0,"menu_order":0,"comment_status":"closed","ping_status":"closed","template":"","meta":{"_acf_changed":false,"_seopress_robots_primary_cat":"","_seopress_titles_title":"PME\/CSE - SRV Juriste Victimes","_seopress_titles_desc":"Pr\u00e9vention des risques psychosociaux PME\/CSE : Accompagnement en pr\u00e9vention des risques psychosociaux En tant que dirigeants de PME ou \u00e9lus du Comit\u00e9 Social et \u00c9conomique (CSE), vous savez que les risques psychosociaux (RPS) \u2013 comme le stress, le burn-out, et le harc\u00e8lement \u2013 peuvent affecter directement la sant\u00e9 de vos\u2026","_seopress_robots_index":"","_uag_custom_page_level_css":"","site-sidebar-layout":"default","site-content-layout":"","ast-site-content-layout":"default","site-content-style":"default","site-sidebar-style":"default","ast-global-header-display":"","ast-banner-title-visibility":"","ast-main-header-display":"","ast-hfb-above-header-display":"","ast-hfb-below-header-display":"","ast-hfb-mobile-header-display":"","site-post-title":"","ast-breadcrumbs-content":"","ast-featured-img":"","footer-sml-layout":"","ast-disable-related-posts":"","theme-transparent-header-meta":"","adv-header-id-meta":"","stick-header-meta":"","header-above-stick-meta":"","header-main-stick-meta":"","header-below-stick-meta":"","astra-migrate-meta-layouts":"set","ast-page-background-enabled":"default","ast-page-background-meta":{"desktop":{"background-color":"var(--ast-global-color-4)","background-image":"","background-repeat":"repeat","background-position":"center center","background-size":"auto","background-attachment":"scroll","background-type":"","background-media":"","overlay-type":"","overlay-color":"","overlay-opacity":"","overlay-gradient":""},"tablet":{"background-color":"","background-image":"","background-repeat":"repeat","background-position":"center center","background-size":"auto","background-attachment":"scroll","background-type":"","background-media":"","overlay-type":"","overlay-color":"","overlay-opacity":"","overlay-gradient":""},"mobile":{"background-color":"","background-image":"","background-repeat":"repeat","background-position":"center center","background-size":"auto","background-attachment":"scroll","background-type":"","background-media":"","overlay-type":"","overlay-color":"","overlay-opacity":"","overlay-gradient":""}},"ast-content-background-meta":{"desktop":{"background-color":"var(--ast-global-color-5)","background-image":"","background-repeat":"repeat","background-position":"center center","background-size":"auto","background-attachment":"scroll","background-type":"","background-media":"","overlay-type":"","overlay-color":"","overlay-opacity":"","overlay-gradient":""},"tablet":{"background-color":"var(--ast-global-color-5)","background-image":"","background-repeat":"repeat","background-position":"center center","background-size":"auto","background-attachment":"scroll","background-type":"","background-media":"","overlay-type":"","overlay-color":"","overlay-opacity":"","overlay-gradient":""},"mobile":{"background-color":"var(--ast-global-color-5)","background-image":"","background-repeat":"repeat","background-position":"center center","background-size":"auto","background-attachment":"scroll","background-type":"","background-media":"","overlay-type":"","overlay-color":"","overlay-opacity":"","overlay-gradient":""}},"footnotes":""},"class_list":["post-1880","page","type-page","status-publish","hentry"],"acf":[],"uagb_featured_image_src":{"full":false,"thumbnail":false,"medium":false,"medium_large":false,"large":false,"1536x1536":false,"2048x2048":false},"uagb_author_info":{"display_name":"SRV","author_link":"https:\/\/srv-juriste-victimes.fr\/index.php\/author\/srv\/"},"uagb_comment_info":0,"uagb_excerpt":"Pr\u00e9vention des risques psychosociaux PME\/CSE : Accompagnement en pr\u00e9vention des risques psychosociaux En tant que dirigeants de PME ou \u00e9lus du Comit\u00e9 Social et \u00c9conomique (CSE), vous savez que les risques psychosociaux (RPS) \u2013 comme le stress, le burn-out, et le harc\u00e8lement \u2013 peuvent affecter directement la sant\u00e9 de vos \u00e9quipes et la performance de\u2026","_links":{"self":[{"href":"https:\/\/srv-juriste-victimes.fr\/index.php\/wp-json\/wp\/v2\/pages\/1880","targetHints":{"allow":["GET"]}}],"collection":[{"href":"https:\/\/srv-juriste-victimes.fr\/index.php\/wp-json\/wp\/v2\/pages"}],"about":[{"href":"https:\/\/srv-juriste-victimes.fr\/index.php\/wp-json\/wp\/v2\/types\/page"}],"author":[{"embeddable":true,"href":"https:\/\/srv-juriste-victimes.fr\/index.php\/wp-json\/wp\/v2\/users\/3"}],"replies":[{"embeddable":true,"href":"https:\/\/srv-juriste-victimes.fr\/index.php\/wp-json\/wp\/v2\/comments?post=1880"}],"version-history":[{"count":6,"href":"https:\/\/srv-juriste-victimes.fr\/index.php\/wp-json\/wp\/v2\/pages\/1880\/revisions"}],"predecessor-version":[{"id":1909,"href":"https:\/\/srv-juriste-victimes.fr\/index.php\/wp-json\/wp\/v2\/pages\/1880\/revisions\/1909"}],"wp:attachment":[{"href":"https:\/\/srv-juriste-victimes.fr\/index.php\/wp-json\/wp\/v2\/media?parent=1880"}],"curies":[{"name":"wp","href":"https:\/\/api.w.org\/{rel}","templated":true}]}}