{"id":2022,"date":"2025-05-09T12:34:13","date_gmt":"2025-05-09T10:34:13","guid":{"rendered":"https:\/\/srv-juriste-victimes.fr\/index.php\/produits\/"},"modified":"2025-05-15T13:47:10","modified_gmt":"2025-05-15T11:47:10","slug":"boutique","status":"publish","type":"page","link":"https:\/\/srv-juriste-victimes.fr\/index.php\/boutique\/","title":{"rendered":"Boutique"},"content":{"rendered":"\n\t\t<div class=\"edd_downloads_list edd_download_columns_3 \">\n\n\t\t\t\n\t\t\t\n<div class=\"edd_download\" id=\"edd_download_2130\">\n\n\t<div class=\"edd_download_inner\">\n\n\t\t    <div class=\"edd_download_image\"\n\t\t\t data-hover-image=\"https:\/\/srv-juriste-victimes.fr\/wp-content\/uploads\/edd\/2025\/05\/guide-pratique-employeur-sylvie-ruiz-mockup.png\" >\n\t\t\t<a href=\"https:\/\/srv-juriste-victimes.fr\/index.php\/downloads\/guide-pratique-employeur\/\" title=\"Guide Pratique Employeur\">\n\t\t\t\t<img loading=\"lazy\" decoding=\"async\" width=\"212\" height=\"300\" src=\"https:\/\/srv-juriste-victimes.fr\/wp-content\/uploads\/edd\/2025\/05\/guide-pratique-employeur-sylvie-ruiz-c-212x300.png\" class=\"attachment-medium size-medium wp-post-image\" alt=\"\" srcset=\"https:\/\/srv-juriste-victimes.fr\/wp-content\/uploads\/edd\/2025\/05\/guide-pratique-employeur-sylvie-ruiz-c-212x300.png 212w, https:\/\/srv-juriste-victimes.fr\/wp-content\/uploads\/edd\/2025\/05\/guide-pratique-employeur-sylvie-ruiz-c.png 509w\" sizes=\"auto, (max-width: 212px) 100vw, 212px\" \/>\t\t\t<\/a>\n    <\/div>\n<h3 class=\"edd_download_title\"><a href=\"https:\/\/srv-juriste-victimes.fr\/index.php\/downloads\/guide-pratique-employeur\/\">Guide Pratique Employeur<\/a><\/h3>\n\n<div class=\"edd_download_excerpt\">\n\t<p>Dans ce guide pratique \u00e0 l\u2019attention des employeurs, vous trouverez : Extrait &#8211; Guide Pratique Employeur \u00c9TAPE VI &#8211; Installez un circuit de signalisation clair et confidentiel Objectif : permettre [&hellip;]<\/p>\n<\/div>\n<div class=\"edd_download_buy_button\">\n\t\t<form id=\"edd_purchase_2130\" class=\"edd_download_purchase_form edd_purchase_2130\" method=\"post\">\n\n\t\t\n\t\t<div class=\"edd_purchase_submit_wrapper\">\n\t\t\t<button class=\"edd-add-to-cart button blue edd-submit\" data-nonce=\"ebaad62e48\" data-timestamp=\"1776771206\" data-token=\"ab47172d896957770e0d80a6ac432be26afbf47fdc5e6f17929cb362ac8cb2a8\" data-action=\"edd_add_to_cart\" data-download-id=\"2130\" data-variable-price=\"no\" data-price-mode=single data-price=\"14.99\" ><span class=\"edd-add-to-cart-label\">14.99&euro;&nbsp;&ndash;&nbsp;Acheter<\/span> <span class=\"edd-loading\" aria-label=\"Chargement en cours\"><\/span><\/button><input type=\"submit\" class=\"edd-add-to-cart edd-no-js button blue edd-submit\" name=\"edd_purchase_download\" value=\"14.99&euro;&nbsp;&ndash;&nbsp;Acheter\" data-action=\"edd_add_to_cart\" data-download-id=\"2130\" data-variable-price=\"no\" data-price-mode=single \/><a href=\"https:\/\/srv-juriste-victimes.fr\/index.php\/panier\/\" class=\"edd_go_to_checkout button blue edd-submit\" style=\"display:none;\">Validation de la commande<\/a>\n\t\t\t\t\t\t\t<span class=\"edd-cart-ajax-alert\" aria-live=\"assertive\">\n\t\t\t\t\t<span class=\"edd-cart-added-alert\" style=\"display: none;\">\n\t\t\t\t\t\t<svg class=\"edd-icon edd-icon-check\" xmlns=\"http:\/\/www.w3.org\/2000\/svg\" width=\"28\" height=\"28\" viewBox=\"0 0 28 28\" aria-hidden=\"true\">\n\t\t\t\t\t\t\t<path d=\"M26.11 8.844c0 .39-.157.78-.44 1.062L12.234 23.344c-.28.28-.672.438-1.062.438s-.78-.156-1.06-.438l-7.782-7.78c-.28-.282-.438-.673-.438-1.063s.156-.78.438-1.06l2.125-2.126c.28-.28.672-.438 1.062-.438s.78.156 1.062.438l4.594 4.61L21.42 5.656c.282-.28.673-.438 1.063-.438s.78.155 1.062.437l2.125 2.125c.28.28.438.672.438 1.062z\"\/>\n\t\t\t\t\t\t<\/svg>\n\t\t\t\t\t\tAjout\u00e9 au panier\t\t\t\t\t<\/span>\n\t\t\t\t<\/span>\n\t\t\t\t\t\t\t\t\t\t\t\t\t\t\t<\/div><!--end .edd_purchase_submit_wrapper-->\n\n\t\t<input type=\"hidden\" name=\"download_id\" value=\"2130\">\n\t\t\t\t\t\t\t<input type=\"hidden\" name=\"edd_action\" class=\"edd_action_input\" value=\"add_to_cart\">\n\t\t\n\t\t\t\t\t<input type=\"hidden\" name=\"edd_redirect_to_checkout\" value=\"1\">\n\t\t\n\t\t\n\t\t\n\t<\/form><!--end #edd_purchase_2130-->\n\t<\/div>\n\n\t<\/div>\n\n<\/div>\n\n<div class=\"edd_download\" id=\"edd_download_2083\">\n\n\t<div class=\"edd_download_inner\">\n\n\t\t    <div class=\"edd_download_image\"\n\t\t\t data-hover-image=\"https:\/\/srv-juriste-victimes.fr\/wp-content\/uploads\/edd\/2025\/05\/livret-essentiel-salaries-sylvie-ruiz-mockup.png\" >\n\t\t\t<a href=\"https:\/\/srv-juriste-victimes.fr\/index.php\/downloads\/livret-essentiel-salarie\/\" title=\"Livret Essentiel Salari\u00e9\">\n\t\t\t\t<img loading=\"lazy\" decoding=\"async\" width=\"212\" height=\"300\" src=\"https:\/\/srv-juriste-victimes.fr\/wp-content\/uploads\/edd\/2025\/05\/livret-essentiel-salariees-sylvie-ruiz-c-212x300.png\" class=\"attachment-medium size-medium wp-post-image\" alt=\"\" srcset=\"https:\/\/srv-juriste-victimes.fr\/wp-content\/uploads\/edd\/2025\/05\/livret-essentiel-salariees-sylvie-ruiz-c-212x300.png 212w, https:\/\/srv-juriste-victimes.fr\/wp-content\/uploads\/edd\/2025\/05\/livret-essentiel-salariees-sylvie-ruiz-c.png 509w\" sizes=\"auto, (max-width: 212px) 100vw, 212px\" \/>\t\t\t<\/a>\n    <\/div>\n<h3 class=\"edd_download_title\"><a href=\"https:\/\/srv-juriste-victimes.fr\/index.php\/downloads\/livret-essentiel-salarie\/\">Livret Essentiel Salari\u00e9<\/a><\/h3>\n\n<div class=\"edd_download_excerpt\">\n\t<p>Dans ce livret con\u00e7u pour les salari\u00e9\u00b7e\u00b7s, vous trouverez : Un kit indispensable pour vous informer, vous prot\u00e9ger et soutenir vos coll\u00e8gues ! Extrait &#8211; Livret Essentiel Salari\u00e9 FICHE I [&hellip;]<\/p>\n<\/div>\n<div class=\"edd_download_buy_button\">\n\t\t<form id=\"edd_purchase_2083\" class=\"edd_download_purchase_form edd_purchase_2083\" method=\"post\">\n\n\t\t\n\t\t<div class=\"edd_purchase_submit_wrapper\">\n\t\t\t<button class=\"edd-add-to-cart button blue edd-submit\" data-nonce=\"0b5315ceb4\" data-timestamp=\"1776771206\" data-token=\"ab47172d896957770e0d80a6ac432be26afbf47fdc5e6f17929cb362ac8cb2a8\" data-action=\"edd_add_to_cart\" data-download-id=\"2083\" data-variable-price=\"no\" data-price-mode=single data-price=\"14.99\" ><span class=\"edd-add-to-cart-label\">14.99&euro;&nbsp;&ndash;&nbsp;Acheter<\/span> <span class=\"edd-loading\" aria-label=\"Chargement en cours\"><\/span><\/button><input type=\"submit\" class=\"edd-add-to-cart edd-no-js button blue edd-submit\" name=\"edd_purchase_download\" value=\"14.99&euro;&nbsp;&ndash;&nbsp;Acheter\" data-action=\"edd_add_to_cart\" data-download-id=\"2083\" data-variable-price=\"no\" data-price-mode=single \/><a href=\"https:\/\/srv-juriste-victimes.fr\/index.php\/panier\/\" class=\"edd_go_to_checkout button blue edd-submit\" style=\"display:none;\">Validation de la commande<\/a>\n\t\t\t\t\t\t\t<span class=\"edd-cart-ajax-alert\" aria-live=\"assertive\">\n\t\t\t\t\t<span class=\"edd-cart-added-alert\" style=\"display: none;\">\n\t\t\t\t\t\t<svg class=\"edd-icon edd-icon-check\" xmlns=\"http:\/\/www.w3.org\/2000\/svg\" width=\"28\" height=\"28\" viewBox=\"0 0 28 28\" aria-hidden=\"true\">\n\t\t\t\t\t\t\t<path d=\"M26.11 8.844c0 .39-.157.78-.44 1.062L12.234 23.344c-.28.28-.672.438-1.062.438s-.78-.156-1.06-.438l-7.782-7.78c-.28-.282-.438-.673-.438-1.063s.156-.78.438-1.06l2.125-2.126c.28-.28.672-.438 1.062-.438s.78.156 1.062.438l4.594 4.61L21.42 5.656c.282-.28.673-.438 1.063-.438s.78.155 1.062.437l2.125 2.125c.28.28.438.672.438 1.062z\"\/>\n\t\t\t\t\t\t<\/svg>\n\t\t\t\t\t\tAjout\u00e9 au panier\t\t\t\t\t<\/span>\n\t\t\t\t<\/span>\n\t\t\t\t\t\t\t\t\t\t\t\t\t\t\t<\/div><!--end .edd_purchase_submit_wrapper-->\n\n\t\t<input type=\"hidden\" name=\"download_id\" value=\"2083\">\n\t\t\t\t\t\t\t<input type=\"hidden\" name=\"edd_action\" class=\"edd_action_input\" value=\"add_to_cart\">\n\t\t\n\t\t\t\t\t<input type=\"hidden\" name=\"edd_redirect_to_checkout\" value=\"1\">\n\t\t\n\t\t\n\t\t\n\t<\/form><!--end #edd_purchase_2083-->\n\t<\/div>\n\n\t<\/div>\n\n<\/div>\n\n<div class=\"edd_download\" id=\"edd_download_2080\">\n\n\t<div class=\"edd_download_inner\">\n\n\t\t    <div class=\"edd_download_image\"\n\t\t\t data-hover-image=\"https:\/\/srv-juriste-victimes.fr\/wp-content\/uploads\/edd\/2025\/05\/livret-essentiel-manager-sylvie-ruiz-mockup.png\" >\n\t\t\t<a href=\"https:\/\/srv-juriste-victimes.fr\/index.php\/downloads\/livret-essentiel-manager\/\" title=\"Livret Essentiel Manager\">\n\t\t\t\t<img loading=\"lazy\" decoding=\"async\" width=\"212\" height=\"300\" src=\"https:\/\/srv-juriste-victimes.fr\/wp-content\/uploads\/2025\/05\/livret-essentiel-manager-sylvie-ruiz-c-212x300.png\" class=\"attachment-medium size-medium wp-post-image\" alt=\"\" srcset=\"https:\/\/srv-juriste-victimes.fr\/wp-content\/uploads\/2025\/05\/livret-essentiel-manager-sylvie-ruiz-c-212x300.png 212w, https:\/\/srv-juriste-victimes.fr\/wp-content\/uploads\/2025\/05\/livret-essentiel-manager-sylvie-ruiz-c.png 509w\" sizes=\"auto, (max-width: 212px) 100vw, 212px\" \/>\t\t\t<\/a>\n    <\/div>\n<h3 class=\"edd_download_title\"><a href=\"https:\/\/srv-juriste-victimes.fr\/index.php\/downloads\/livret-essentiel-manager\/\">Livret Essentiel Manager<\/a><\/h3>\n\n<div class=\"edd_download_excerpt\">\n\t<p>Dans ce livret sp\u00e9cialement con\u00e7u pour les managers, vous trouverez : Un outil indispensable pour prot\u00e9ger vos collaborateurs, cr\u00e9er un climat de travail bienveillant et garantir \u00e0 la fois la [&hellip;]<\/p>\n<\/div>\n<div class=\"edd_download_buy_button\">\n\t\t<form id=\"edd_purchase_2080\" class=\"edd_download_purchase_form edd_purchase_2080\" method=\"post\">\n\n\t\t\n\t\t<div class=\"edd_purchase_submit_wrapper\">\n\t\t\t<button class=\"edd-add-to-cart button blue edd-submit\" data-nonce=\"50b235bdb0\" data-timestamp=\"1776771206\" data-token=\"ab47172d896957770e0d80a6ac432be26afbf47fdc5e6f17929cb362ac8cb2a8\" data-action=\"edd_add_to_cart\" data-download-id=\"2080\" data-variable-price=\"no\" data-price-mode=single data-price=\"14.99\" ><span class=\"edd-add-to-cart-label\">14.99&euro;&nbsp;&ndash;&nbsp;Acheter<\/span> <span class=\"edd-loading\" aria-label=\"Chargement en cours\"><\/span><\/button><input type=\"submit\" class=\"edd-add-to-cart edd-no-js button blue edd-submit\" name=\"edd_purchase_download\" value=\"14.99&euro;&nbsp;&ndash;&nbsp;Acheter\" data-action=\"edd_add_to_cart\" data-download-id=\"2080\" data-variable-price=\"no\" data-price-mode=single \/><a href=\"https:\/\/srv-juriste-victimes.fr\/index.php\/panier\/\" class=\"edd_go_to_checkout button blue edd-submit\" style=\"display:none;\">Validation de la commande<\/a>\n\t\t\t\t\t\t\t<span class=\"edd-cart-ajax-alert\" aria-live=\"assertive\">\n\t\t\t\t\t<span class=\"edd-cart-added-alert\" style=\"display: none;\">\n\t\t\t\t\t\t<svg class=\"edd-icon edd-icon-check\" xmlns=\"http:\/\/www.w3.org\/2000\/svg\" width=\"28\" height=\"28\" viewBox=\"0 0 28 28\" aria-hidden=\"true\">\n\t\t\t\t\t\t\t<path d=\"M26.11 8.844c0 .39-.157.78-.44 1.062L12.234 23.344c-.28.28-.672.438-1.062.438s-.78-.156-1.06-.438l-7.782-7.78c-.28-.282-.438-.673-.438-1.063s.156-.78.438-1.06l2.125-2.126c.28-.28.672-.438 1.062-.438s.78.156 1.062.438l4.594 4.61L21.42 5.656c.282-.28.673-.438 1.063-.438s.78.155 1.062.437l2.125 2.125c.28.28.438.672.438 1.062z\"\/>\n\t\t\t\t\t\t<\/svg>\n\t\t\t\t\t\tAjout\u00e9 au panier\t\t\t\t\t<\/span>\n\t\t\t\t<\/span>\n\t\t\t\t\t\t\t\t\t\t\t\t\t\t\t<\/div><!--end .edd_purchase_submit_wrapper-->\n\n\t\t<input type=\"hidden\" name=\"download_id\" value=\"2080\">\n\t\t\t\t\t\t\t<input type=\"hidden\" name=\"edd_action\" class=\"edd_action_input\" value=\"add_to_cart\">\n\t\t\n\t\t\t\t\t<input type=\"hidden\" name=\"edd_redirect_to_checkout\" value=\"1\">\n\t\t\n\t\t\n\t\t\n\t<\/form><!--end #edd_purchase_2080-->\n\t<\/div>\n\n\t<\/div>\n\n<\/div>\n\n<div class=\"edd_download\" id=\"edd_download_2078\">\n\n\t<div class=\"edd_download_inner\">\n\n\t\t    <div class=\"edd_download_image\"\n\t\t\t data-hover-image=\"https:\/\/srv-juriste-victimes.fr\/wp-content\/uploads\/edd\/2025\/05\/livret-essentiel-cse-sylvie-ruiz-mockup.png\" >\n\t\t\t<a href=\"https:\/\/srv-juriste-victimes.fr\/index.php\/downloads\/livret-essentiel-cse\/\" title=\"Livret Essentiel CSE\">\n\t\t\t\t<img loading=\"lazy\" decoding=\"async\" width=\"212\" height=\"300\" src=\"https:\/\/srv-juriste-victimes.fr\/wp-content\/uploads\/2025\/05\/livret-essentiel-cse-sylvie-ruiz-c-212x300.png\" class=\"attachment-medium size-medium wp-post-image\" alt=\"Livret essentiel CSE - Sylvie Ruiz (c)\" srcset=\"https:\/\/srv-juriste-victimes.fr\/wp-content\/uploads\/2025\/05\/livret-essentiel-cse-sylvie-ruiz-c-212x300.png 212w, https:\/\/srv-juriste-victimes.fr\/wp-content\/uploads\/2025\/05\/livret-essentiel-cse-sylvie-ruiz-c.png 509w\" sizes=\"auto, (max-width: 212px) 100vw, 212px\" \/>\t\t\t<\/a>\n    <\/div>\n<h3 class=\"edd_download_title\"><a href=\"https:\/\/srv-juriste-victimes.fr\/index.php\/downloads\/livret-essentiel-cse\/\">Livret Essentiel CSE<\/a><\/h3>\n\n<div class=\"edd_download_excerpt\">\n\t<p>Dans ce livret \u00e0 l\u2019attention des \u00e9lus du Comit\u00e9 Social et \u00c9conomique, vous trouverez : Un guide incontournable pour jouer pleinement votre r\u00f4le de protecteur, soutenir vos coll\u00e8gues en d\u00e9tresse [&hellip;]<\/p>\n<\/div>\n<div class=\"edd_download_buy_button\">\n\t\t<form id=\"edd_purchase_2078\" class=\"edd_download_purchase_form edd_purchase_2078\" method=\"post\">\n\n\t\t\n\t\t<div class=\"edd_purchase_submit_wrapper\">\n\t\t\t<button class=\"edd-add-to-cart button blue edd-submit\" data-nonce=\"1caa5d01c2\" data-timestamp=\"1776771206\" data-token=\"ab47172d896957770e0d80a6ac432be26afbf47fdc5e6f17929cb362ac8cb2a8\" data-action=\"edd_add_to_cart\" data-download-id=\"2078\" data-variable-price=\"no\" data-price-mode=single data-price=\"14.99\" ><span class=\"edd-add-to-cart-label\">14.99&euro;&nbsp;&ndash;&nbsp;Acheter<\/span> <span class=\"edd-loading\" aria-label=\"Chargement en cours\"><\/span><\/button><input type=\"submit\" class=\"edd-add-to-cart edd-no-js button blue edd-submit\" name=\"edd_purchase_download\" value=\"14.99&euro;&nbsp;&ndash;&nbsp;Acheter\" data-action=\"edd_add_to_cart\" data-download-id=\"2078\" data-variable-price=\"no\" data-price-mode=single \/><a href=\"https:\/\/srv-juriste-victimes.fr\/index.php\/panier\/\" class=\"edd_go_to_checkout button blue edd-submit\" style=\"display:none;\">Validation de la commande<\/a>\n\t\t\t\t\t\t\t<span class=\"edd-cart-ajax-alert\" aria-live=\"assertive\">\n\t\t\t\t\t<span class=\"edd-cart-added-alert\" style=\"display: none;\">\n\t\t\t\t\t\t<svg class=\"edd-icon edd-icon-check\" xmlns=\"http:\/\/www.w3.org\/2000\/svg\" width=\"28\" height=\"28\" viewBox=\"0 0 28 28\" aria-hidden=\"true\">\n\t\t\t\t\t\t\t<path d=\"M26.11 8.844c0 .39-.157.78-.44 1.062L12.234 23.344c-.28.28-.672.438-1.062.438s-.78-.156-1.06-.438l-7.782-7.78c-.28-.282-.438-.673-.438-1.063s.156-.78.438-1.06l2.125-2.126c.28-.28.672-.438 1.062-.438s.78.156 1.062.438l4.594 4.61L21.42 5.656c.282-.28.673-.438 1.063-.438s.78.155 1.062.437l2.125 2.125c.28.28.438.672.438 1.062z\"\/>\n\t\t\t\t\t\t<\/svg>\n\t\t\t\t\t\tAjout\u00e9 au panier\t\t\t\t\t<\/span>\n\t\t\t\t<\/span>\n\t\t\t\t\t\t\t\t\t\t\t\t\t\t\t<\/div><!--end .edd_purchase_submit_wrapper-->\n\n\t\t<input type=\"hidden\" name=\"download_id\" value=\"2078\">\n\t\t\t\t\t\t\t<input type=\"hidden\" name=\"edd_action\" class=\"edd_action_input\" value=\"add_to_cart\">\n\t\t\n\t\t\t\t\t<input type=\"hidden\" name=\"edd_redirect_to_checkout\" value=\"1\">\n\t\t\n\t\t\n\t\t\n\t<\/form><!--end #edd_purchase_2078-->\n\t<\/div>\n\n\t<\/div>\n\n<\/div>\n\n<div class=\"edd_download\" id=\"edd_download_2059\">\n\n\t<div class=\"edd_download_inner\">\n\n\t\t    <div class=\"edd_download_image\"\n\t\t\t data-hover-image=\"https:\/\/srv-juriste-victimes.fr\/wp-content\/uploads\/edd\/2025\/05\/livret-essentiel-employeur-sylvie-ruiz-mockup.png\" >\n\t\t\t<a href=\"https:\/\/srv-juriste-victimes.fr\/index.php\/downloads\/livret-essentiel-employeur\/\" title=\"Livret Essentiel Employeur\">\n\t\t\t\t<img loading=\"lazy\" decoding=\"async\" width=\"212\" height=\"300\" src=\"https:\/\/srv-juriste-victimes.fr\/wp-content\/uploads\/2025\/05\/livret-essentiel-employeur-sylvie-ruiz-c-212x300.png\" class=\"attachment-medium size-medium wp-post-image\" alt=\"\" srcset=\"https:\/\/srv-juriste-victimes.fr\/wp-content\/uploads\/2025\/05\/livret-essentiel-employeur-sylvie-ruiz-c-212x300.png 212w, https:\/\/srv-juriste-victimes.fr\/wp-content\/uploads\/2025\/05\/livret-essentiel-employeur-sylvie-ruiz-c.png 509w\" sizes=\"auto, (max-width: 212px) 100vw, 212px\" \/>\t\t\t<\/a>\n    <\/div>\n<h3 class=\"edd_download_title\"><a href=\"https:\/\/srv-juriste-victimes.fr\/index.php\/downloads\/livret-essentiel-employeur\/\">Livret Essentiel Employeur<\/a><\/h3>\n\n<div class=\"edd_download_excerpt\">\n\t<p>Dans ce livret pratique \u00e0 l\u2019attention des employeurs et responsables RH, vous trouverez : Un ouvrage indispensable pour prot\u00e9ger vos collaborateurs, renforcer la coh\u00e9sion d\u2019\u00e9quipe et limiter les co\u00fbts cach\u00e9s [&hellip;]<\/p>\n<\/div>\n<div class=\"edd_download_buy_button\">\n\t\t<form id=\"edd_purchase_2059\" class=\"edd_download_purchase_form edd_purchase_2059\" method=\"post\">\n\n\t\t\n\t\t<div class=\"edd_purchase_submit_wrapper\">\n\t\t\t<button class=\"edd-add-to-cart button blue edd-submit\" data-nonce=\"febfddf66e\" data-timestamp=\"1776771206\" data-token=\"ab47172d896957770e0d80a6ac432be26afbf47fdc5e6f17929cb362ac8cb2a8\" data-action=\"edd_add_to_cart\" data-download-id=\"2059\" data-variable-price=\"no\" data-price-mode=single data-price=\"14.99\" ><span class=\"edd-add-to-cart-label\">14.99&euro;&nbsp;&ndash;&nbsp;Acheter<\/span> <span class=\"edd-loading\" aria-label=\"Chargement en cours\"><\/span><\/button><input type=\"submit\" class=\"edd-add-to-cart edd-no-js button blue edd-submit\" name=\"edd_purchase_download\" value=\"14.99&euro;&nbsp;&ndash;&nbsp;Acheter\" data-action=\"edd_add_to_cart\" data-download-id=\"2059\" data-variable-price=\"no\" data-price-mode=single \/><a href=\"https:\/\/srv-juriste-victimes.fr\/index.php\/panier\/\" class=\"edd_go_to_checkout button blue edd-submit\" style=\"display:none;\">Validation de la commande<\/a>\n\t\t\t\t\t\t\t<span class=\"edd-cart-ajax-alert\" aria-live=\"assertive\">\n\t\t\t\t\t<span class=\"edd-cart-added-alert\" style=\"display: none;\">\n\t\t\t\t\t\t<svg class=\"edd-icon edd-icon-check\" xmlns=\"http:\/\/www.w3.org\/2000\/svg\" width=\"28\" height=\"28\" viewBox=\"0 0 28 28\" aria-hidden=\"true\">\n\t\t\t\t\t\t\t<path d=\"M26.11 8.844c0 .39-.157.78-.44 1.062L12.234 23.344c-.28.28-.672.438-1.062.438s-.78-.156-1.06-.438l-7.782-7.78c-.28-.282-.438-.673-.438-1.063s.156-.78.438-1.06l2.125-2.126c.28-.28.672-.438 1.062-.438s.78.156 1.062.438l4.594 4.61L21.42 5.656c.282-.28.673-.438 1.063-.438s.78.155 1.062.437l2.125 2.125c.28.28.438.672.438 1.062z\"\/>\n\t\t\t\t\t\t<\/svg>\n\t\t\t\t\t\tAjout\u00e9 au panier\t\t\t\t\t<\/span>\n\t\t\t\t<\/span>\n\t\t\t\t\t\t\t\t\t\t\t\t\t\t\t<\/div><!--end .edd_purchase_submit_wrapper-->\n\n\t\t<input type=\"hidden\" name=\"download_id\" value=\"2059\">\n\t\t\t\t\t\t\t<input type=\"hidden\" name=\"edd_action\" class=\"edd_action_input\" value=\"add_to_cart\">\n\t\t\n\t\t\t\t\t<input type=\"hidden\" name=\"edd_redirect_to_checkout\" value=\"1\">\n\t\t\n\t\t\n\t\t\n\t<\/form><!--end #edd_purchase_2059-->\n\t<\/div>\n\n\t<\/div>\n\n<\/div>\n\n\t\t\t\n\t\t\t\n\t\t<\/div>\n\n\t\t\n\n\n\n<div class=\"wp-block-uagb-separator uagb-block-c03cd557 wp-block-uagb-separator--icon\"><div class=\"uagb-separator-spacing-wrapper\"><div class=\"wp-block-uagb-separator__inner\" style=\"--my-background-image:\"><div class=\"wp-block-uagb-separator-element\"><svg xmlns=\"https:\/\/www.w3.org\/2000\/svg\" viewBox=\"0 0 640 512\"><path d=\"M554.9 154.5c-17.62-35.25-68.12-35.38-85.87 0c-87 174.3-84.1 165.9-84.1 181.5c0 44.13 57.25 80 128 80s127.1-35.88 127.1-80C639.1 319.9 641.4 327.3 554.9 154.5zM439.1 320l71.96-144l72.17 144H439.1zM256 336c0-16.12 1.375-8.75-85.12-181.5c-17.62-35.25-68.12-35.38-85.87 0c-87 174.3-84.1 165.9-84.1 181.5c0 44.13 57.25 80 127.1 80S256 380.1 256 336zM127.9 176L200.1 320H55.96L127.9 176zM495.1 448h-143.1V153.3C375.5 143 393.1 121.8 398.4 96h113.6c17.67 0 31.1-14.33 31.1-32s-14.33-32-31.1-32h-128.4c-14.62-19.38-37.5-32-63.62-32S270.1 12.62 256.4 32H128C110.3 32 96 46.33 96 64S110.3 96 127.1 96h113.6c5.25 25.75 22.87 47 46.37 57.25V448H144c-26.51 0-48.01 21.49-48.01 48c0 8.836 7.165 16 16 16h416c8.836 0 16-7.164 16-16C544 469.5 522.5 448 495.1 448z\"><\/path><\/svg><\/div><\/div><\/div><\/div>\n\n\n\n<div class=\"wp-block-uagb-container uagb-block-b9fa22f3 default uagb-is-root-container\">\n<p>Juriste passionn\u00e9e par la victimologie et forte de plus de 20 ans d\u2019exp\u00e9rience en droit du travail et accompagnement des victimes, j\u2019ai constat\u00e9 \u00e0 quel point les violences conjugales s\u2019infiltrent dans la vie professionnelle, impactant sant\u00e9, concentration et coh\u00e9sion d\u2019\u00e9quipe.<\/p>\n\n\n\n<p>Convaincue que l\u2019entreprise a un r\u00f4le cl\u00e9 \u2013 \u00e0 la fois espace de refuge et levier de pr\u00e9vention \u2013 j\u2019ai con\u00e7u ces livrets pratiques pour sensibiliser vos \u00e9quipes et mettre \u00e0 votre disposition des outils concrets (violentom\u00e8tre, protocoles d\u2019alerte, plans d\u2019action) afin de rep\u00e9rer, accompagner et s\u00e9curiser vos collaborateurs en difficult\u00e9.<\/p>\n\n\n\n<p>Mon ambition est double : faire de votre organisation un lieu de travail plus s\u00fbr et bienveillant, et vous aider \u00e0 ma\u00eetriser les co\u00fbts cach\u00e9s (absent\u00e9isme, turnover, baisse de performance) li\u00e9s \u00e0 ces situations.<\/p>\n\n\n\n<p>D\u00e9couvrez ces guides pour transformer ce d\u00e9fi en v\u00e9ritable opportunit\u00e9 de coh\u00e9sion et de performance partag\u00e9e.<\/p>\n<\/div>\n","protected":false},"excerpt":{"rendered":"<p>Juriste passionn\u00e9e par la victimologie et forte de plus de 20 ans d\u2019exp\u00e9rience en droit du travail et accompagnement des victimes, j\u2019ai constat\u00e9 \u00e0 quel point les violences conjugales s\u2019infiltrent dans la vie professionnelle, impactant sant\u00e9, concentration et coh\u00e9sion d\u2019\u00e9quipe. Convaincue que l\u2019entreprise a un r\u00f4le cl\u00e9 \u2013 \u00e0 la fois espace de refuge et [&hellip;]<\/p>\n","protected":false},"author":3,"featured_media":0,"parent":0,"menu_order":0,"comment_status":"closed","ping_status":"closed","template":"","meta":{"_acf_changed":false,"_seopress_robots_primary_cat":"","_seopress_titles_title":"","_seopress_titles_desc":"","_seopress_robots_index":"","_uag_custom_page_level_css":".wp-block-edd-downloads {\n\tgap: 1rem!important;\n}\n\n@media (min-width: 1440px) {\n  .wp-block-edd-downloads {\n\tgap: 4rem!important;\n  }\n}\n\narticle p {\n\tmargin-top: 1.6em!important;\n}","site-sidebar-layout":"default","site-content-layout":"","ast-site-content-layout":"default","site-content-style":"default","site-sidebar-style":"default","ast-global-header-display":"","ast-banner-title-visibility":"","ast-main-header-display":"","ast-hfb-above-header-display":"","ast-hfb-below-header-display":"","ast-hfb-mobile-header-display":"","site-post-title":"","ast-breadcrumbs-content":"","ast-featured-img":"","footer-sml-layout":"","ast-disable-related-posts":"","theme-transparent-header-meta":"","adv-header-id-meta":"","stick-header-meta":"","header-above-stick-meta":"","header-main-stick-meta":"","header-below-stick-meta":"","astra-migrate-meta-layouts":"set","ast-page-background-enabled":"default","ast-page-background-meta":{"desktop":{"background-color":"var(--ast-global-color-4)","background-image":"","background-repeat":"repeat","background-position":"center center","background-size":"auto","background-attachment":"scroll","background-type":"","background-media":"","overlay-type":"","overlay-color":"","overlay-opacity":"","overlay-gradient":""},"tablet":{"background-color":"","background-image":"","background-repeat":"repeat","background-position":"center center","background-size":"auto","background-attachment":"scroll","background-type":"","background-media":"","overlay-type":"","overlay-color":"","overlay-opacity":"","overlay-gradient":""},"mobile":{"background-color":"","background-image":"","background-repeat":"repeat","background-position":"center center","background-size":"auto","background-attachment":"scroll","background-type":"","background-media":"","overlay-type":"","overlay-color":"","overlay-opacity":"","overlay-gradient":""}},"ast-content-background-meta":{"desktop":{"background-color":"var(--ast-global-color-5)","background-image":"","background-repeat":"repeat","background-position":"center center","background-size":"auto","background-attachment":"scroll","background-type":"","background-media":"","overlay-type":"","overlay-color":"","overlay-opacity":"","overlay-gradient":""},"tablet":{"background-color":"var(--ast-global-color-5)","background-image":"","background-repeat":"repeat","background-position":"center center","background-size":"auto","background-attachment":"scroll","background-type":"","background-media":"","overlay-type":"","overlay-color":"","overlay-opacity":"","overlay-gradient":""},"mobile":{"background-color":"var(--ast-global-color-5)","background-image":"","background-repeat":"repeat","background-position":"center center","background-size":"auto","background-attachment":"scroll","background-type":"","background-media":"","overlay-type":"","overlay-color":"","overlay-opacity":"","overlay-gradient":""}},"footnotes":""},"class_list":["post-2022","page","type-page","status-publish","hentry"],"acf":[],"uagb_featured_image_src":{"full":false,"thumbnail":false,"medium":false,"medium_large":false,"large":false,"1536x1536":false,"2048x2048":false},"uagb_author_info":{"display_name":"SRV","author_link":"https:\/\/srv-juriste-victimes.fr\/index.php\/author\/srv\/"},"uagb_comment_info":0,"uagb_excerpt":"Juriste passionn\u00e9e par la victimologie et forte de plus de 20 ans d\u2019exp\u00e9rience en droit du travail et accompagnement des victimes, j\u2019ai constat\u00e9 \u00e0 quel point les violences conjugales s\u2019infiltrent dans la vie professionnelle, impactant sant\u00e9, concentration et coh\u00e9sion d\u2019\u00e9quipe. Convaincue que l\u2019entreprise a un r\u00f4le cl\u00e9 \u2013 \u00e0 la fois espace de refuge et\u2026","_links":{"self":[{"href":"https:\/\/srv-juriste-victimes.fr\/index.php\/wp-json\/wp\/v2\/pages\/2022","targetHints":{"allow":["GET"]}}],"collection":[{"href":"https:\/\/srv-juriste-victimes.fr\/index.php\/wp-json\/wp\/v2\/pages"}],"about":[{"href":"https:\/\/srv-juriste-victimes.fr\/index.php\/wp-json\/wp\/v2\/types\/page"}],"author":[{"embeddable":true,"href":"https:\/\/srv-juriste-victimes.fr\/index.php\/wp-json\/wp\/v2\/users\/3"}],"replies":[{"embeddable":true,"href":"https:\/\/srv-juriste-victimes.fr\/index.php\/wp-json\/wp\/v2\/comments?post=2022"}],"version-history":[{"count":13,"href":"https:\/\/srv-juriste-victimes.fr\/index.php\/wp-json\/wp\/v2\/pages\/2022\/revisions"}],"predecessor-version":[{"id":2153,"href":"https:\/\/srv-juriste-victimes.fr\/index.php\/wp-json\/wp\/v2\/pages\/2022\/revisions\/2153"}],"wp:attachment":[{"href":"https:\/\/srv-juriste-victimes.fr\/index.php\/wp-json\/wp\/v2\/media?parent=2022"}],"curies":[{"name":"wp","href":"https:\/\/api.w.org\/{rel}","templated":true}]}}