{"id":2210,"date":"2026-02-23T14:15:41","date_gmt":"2026-02-23T13:15:41","guid":{"rendered":"https:\/\/srv-juriste-victimes.fr\/?page_id=2210"},"modified":"2026-02-24T12:09:38","modified_gmt":"2026-02-24T11:09:38","slug":"juriste-en-victimologie","status":"publish","type":"page","link":"https:\/\/srv-juriste-victimes.fr\/index.php\/blog-actualites\/juriste-en-victimologie\/","title":{"rendered":"Juriste victimologie"},"content":{"rendered":"\n<div class=\"wp-block-uagb-container uagb-block-c01f586a alignfull uagb-is-root-container\">\n<div class=\"wp-block-uagb-advanced-heading uagb-block-a6ab509d\"><h2 class=\"uagb-heading-text\">Juriste sp\u00e9cialis\u00e9e en victimologie : un m\u00e9tier au service de la dignit\u00e9 humaine<\/h2><\/div>\n\n\n\n<div class=\"wp-block-uagb-advanced-heading uagb-block-00f751f0\"><p class=\"uagb-heading-text\"><strong>Entre droit, victimologie et humanit\u00e9 : un m\u00e9tier au service des victimes.<\/strong><br>Cette trilogie propose une immersion dans le r\u00f4le de juriste sp\u00e9cialis\u00e9e en victimologie, de la vocation personnelle \u00e0 l\u2019accompagnement concret, jusqu\u2019au travail de transmission et de pr\u00e9vention.<\/p><\/div>\n<\/div>\n\n\n\n<div class=\"wp-block-query is-layout-flow wp-block-query-is-layout-flow\"><ul class=\"wp-block-post-template is-layout-flow wp-block-post-template-is-layout-flow\"><li class=\"wp-block-post post-2213 post type-post status-publish format-standard hentry category-juriste-en-victimologie\">\n\n\n<h2 class=\"wp-block-post-title\"><a href=\"https:\/\/srv-juriste-victimes.fr\/index.php\/2026\/02\/23\/juriste-specialisee-en-victimologie-un-engagement-un-parcours-une-vocation\/\" target=\"_self\" >Juriste sp\u00e9cialis\u00e9e en victimologie : un engagement, un parcours, une vocation<\/a><\/h2>\n\n<div class=\"wp-block-post-date\"><time datetime=\"2026-02-23T16:39:31+01:00\">23 f\u00e9vrier 2026<\/time><\/div>\n\n<div class=\"wp-block-post-excerpt\"><p class=\"wp-block-post-excerpt__excerpt\">Juriste sp\u00e9cialis\u00e9e en victimologie, Sylvie Ruiz accompagne depuis plus de vingt ans les victimes de violences intrafamiliales. Dans ce premier article, elle revient sur son parcours, ses engagements et la vocation profonde qui a donn\u00e9 naissance \u00e0 un m\u00e9tier encore m\u00e9connu, au croisement du droit, de l\u2019\u00e9coute et de la dignit\u00e9 humaine. \u00catre juriste sp\u00e9cialis\u00e9e<\/p><p class=\"wp-block-post-excerpt__more-text\"><a class=\"wp-block-post-excerpt__more-link\" href=\"https:\/\/srv-juriste-victimes.fr\/index.php\/2026\/02\/23\/juriste-specialisee-en-victimologie-un-engagement-un-parcours-une-vocation\/\">Lire la suite<\/a><\/p><\/div>\n\n\n<hr class=\"wp-block-separator has-css-opacity\"\/>\n\n<\/li><li class=\"wp-block-post post-2245 post type-post status-publish format-standard hentry category-juriste-en-victimologie\">\n\n\n<h2 class=\"wp-block-post-title\"><a href=\"https:\/\/srv-juriste-victimes.fr\/index.php\/2026\/02\/23\/accompagner-les-victimes-pas-a-pas-le-coeur-du-metier-de-juriste-specialisee-en-victimologie\/\" target=\"_self\" >Accompagner les victimes pas \u00e0 pas : le c\u0153ur du m\u00e9tier de juriste sp\u00e9cialis\u00e9e en victimologie<\/a><\/h2>\n\n<div class=\"wp-block-post-date\"><time datetime=\"2026-02-23T16:40:40+01:00\">23 f\u00e9vrier 2026<\/time><\/div>\n\n<div class=\"wp-block-post-excerpt\"><p class=\"wp-block-post-excerpt__excerpt\">Pr\u00e9paration de plainte, constitution de dossier, explication des proc\u00e9dures, \u00e9coute du traumatisme et compr\u00e9hension de l\u2019emprise : la juriste sp\u00e9cialis\u00e9e en victimologie joue un r\u00f4le central aupr\u00e8s des victimes de violences intrafamiliales. Ce deuxi\u00e8me article d\u00e9taille concr\u00e8tement l\u2019accompagnement juridique et humain propos\u00e9 \u00e0 chaque \u00e9tape. Lorsqu\u2019une victime franchit la porte d\u2019un commissariat ou d\u2019un cabinet<\/p><p class=\"wp-block-post-excerpt__more-text\"><a class=\"wp-block-post-excerpt__more-link\" href=\"https:\/\/srv-juriste-victimes.fr\/index.php\/2026\/02\/23\/accompagner-les-victimes-pas-a-pas-le-coeur-du-metier-de-juriste-specialisee-en-victimologie\/\">Lire la suite<\/a><\/p><\/div>\n\n\n<hr class=\"wp-block-separator has-css-opacity\"\/>\n\n<\/li><li class=\"wp-block-post post-2249 post type-post status-publish format-standard hentry category-juriste-en-victimologie\">\n\n\n<h2 class=\"wp-block-post-title\"><a href=\"https:\/\/srv-juriste-victimes.fr\/index.php\/2026\/02\/23\/relier-transmettre-faire-evoluer-les-pratiques-un-role-de-trait-dunion\/\" target=\"_self\" >Relier, transmettre, faire \u00e9voluer les pratiques : un r\u00f4le de trait d&rsquo;union<\/a><\/h2>\n\n<div class=\"wp-block-post-date\"><time datetime=\"2026-02-23T16:41:00+01:00\">23 f\u00e9vrier 2026<\/time><\/div>\n\n<div class=\"wp-block-post-excerpt\"><p class=\"wp-block-post-excerpt__excerpt\">Au-del\u00e0 de l\u2019accompagnement individuel, la juriste en victimologie agit comme un trait d\u2019union entre les victimes, les avocats, la justice et les professionnels de terrain. Formation, pr\u00e9vention, groupes de parole et sensibilisation : ce dernier article explore une approche globale et humaniste du droit des victimes. Les victimes ne devraient jamais avoir \u00e0 affronter seules<\/p><p class=\"wp-block-post-excerpt__more-text\"><a class=\"wp-block-post-excerpt__more-link\" href=\"https:\/\/srv-juriste-victimes.fr\/index.php\/2026\/02\/23\/relier-transmettre-faire-evoluer-les-pratiques-un-role-de-trait-dunion\/\">Lire la suite<\/a><\/p><\/div>\n\n\n<hr class=\"wp-block-separator has-css-opacity\"\/>\n\n<\/li><\/ul><\/div>\n","protected":false},"excerpt":{"rendered":"<p>Juriste sp\u00e9cialis\u00e9e en victimologie : un m\u00e9tier au service de la dignit\u00e9 humaine Entre droit, victimologie et humanit\u00e9 : un m\u00e9tier au service des victimes.Cette trilogie propose une immersion dans le r\u00f4le de juriste sp\u00e9cialis\u00e9e en victimologie, de la vocation personnelle \u00e0 l\u2019accompagnement concret, jusqu\u2019au travail de transmission et de pr\u00e9vention.<\/p>\n","protected":false},"author":3,"featured_media":0,"parent":17,"menu_order":0,"comment_status":"closed","ping_status":"closed","template":"","meta":{"_acf_changed":false,"_seopress_robots_primary_cat":"","_seopress_titles_title":"","_seopress_titles_desc":"","_seopress_robots_index":"","_uag_custom_page_level_css":"","site-sidebar-layout":"right-sidebar","site-content-layout":"","ast-site-content-layout":"default","site-content-style":"default","site-sidebar-style":"default","ast-global-header-display":"","ast-banner-title-visibility":"","ast-main-header-display":"","ast-hfb-above-header-display":"","ast-hfb-below-header-display":"","ast-hfb-mobile-header-display":"","site-post-title":"disabled","ast-breadcrumbs-content":"","ast-featured-img":"","footer-sml-layout":"","ast-disable-related-posts":"","theme-transparent-header-meta":"","adv-header-id-meta":"","stick-header-meta":"","header-above-stick-meta":"","header-main-stick-meta":"","header-below-stick-meta":"","astra-migrate-meta-layouts":"set","ast-page-background-enabled":"default","ast-page-background-meta":{"desktop":{"background-color":"var(--ast-global-color-4)","background-image":"","background-repeat":"repeat","background-position":"center center","background-size":"auto","background-attachment":"scroll","background-type":"","background-media":"","overlay-type":"","overlay-color":"","overlay-opacity":"","overlay-gradient":""},"tablet":{"background-color":"","background-image":"","background-repeat":"repeat","background-position":"center center","background-size":"auto","background-attachment":"scroll","background-type":"","background-media":"","overlay-type":"","overlay-color":"","overlay-opacity":"","overlay-gradient":""},"mobile":{"background-color":"","background-image":"","background-repeat":"repeat","background-position":"center center","background-size":"auto","background-attachment":"scroll","background-type":"","background-media":"","overlay-type":"","overlay-color":"","overlay-opacity":"","overlay-gradient":""}},"ast-content-background-meta":{"desktop":{"background-color":"var(--ast-global-color-5)","background-image":"","background-repeat":"repeat","background-position":"center center","background-size":"auto","background-attachment":"scroll","background-type":"","background-media":"","overlay-type":"","overlay-color":"","overlay-opacity":"","overlay-gradient":""},"tablet":{"background-color":"var(--ast-global-color-5)","background-image":"","background-repeat":"repeat","background-position":"center center","background-size":"auto","background-attachment":"scroll","background-type":"","background-media":"","overlay-type":"","overlay-color":"","overlay-opacity":"","overlay-gradient":""},"mobile":{"background-color":"var(--ast-global-color-5)","background-image":"","background-repeat":"repeat","background-position":"center center","background-size":"auto","background-attachment":"scroll","background-type":"","background-media":"","overlay-type":"","overlay-color":"","overlay-opacity":"","overlay-gradient":""}},"footnotes":""},"class_list":["post-2210","page","type-page","status-publish","hentry"],"acf":[],"uagb_featured_image_src":{"full":false,"thumbnail":false,"medium":false,"medium_large":false,"large":false,"1536x1536":false,"2048x2048":false},"uagb_author_info":{"display_name":"SRV","author_link":"https:\/\/srv-juriste-victimes.fr\/index.php\/author\/srv\/"},"uagb_comment_info":0,"uagb_excerpt":"Juriste sp\u00e9cialis\u00e9e en victimologie : un m\u00e9tier au service de la dignit\u00e9 humaine Entre droit, victimologie et humanit\u00e9 : un m\u00e9tier au service des victimes.Cette trilogie propose une immersion dans le r\u00f4le de juriste sp\u00e9cialis\u00e9e en victimologie, de la vocation personnelle \u00e0 l\u2019accompagnement concret, jusqu\u2019au travail de transmission et de pr\u00e9vention.","_links":{"self":[{"href":"https:\/\/srv-juriste-victimes.fr\/index.php\/wp-json\/wp\/v2\/pages\/2210","targetHints":{"allow":["GET"]}}],"collection":[{"href":"https:\/\/srv-juriste-victimes.fr\/index.php\/wp-json\/wp\/v2\/pages"}],"about":[{"href":"https:\/\/srv-juriste-victimes.fr\/index.php\/wp-json\/wp\/v2\/types\/page"}],"author":[{"embeddable":true,"href":"https:\/\/srv-juriste-victimes.fr\/index.php\/wp-json\/wp\/v2\/users\/3"}],"replies":[{"embeddable":true,"href":"https:\/\/srv-juriste-victimes.fr\/index.php\/wp-json\/wp\/v2\/comments?post=2210"}],"version-history":[{"count":19,"href":"https:\/\/srv-juriste-victimes.fr\/index.php\/wp-json\/wp\/v2\/pages\/2210\/revisions"}],"predecessor-version":[{"id":2297,"href":"https:\/\/srv-juriste-victimes.fr\/index.php\/wp-json\/wp\/v2\/pages\/2210\/revisions\/2297"}],"up":[{"embeddable":true,"href":"https:\/\/srv-juriste-victimes.fr\/index.php\/wp-json\/wp\/v2\/pages\/17"}],"wp:attachment":[{"href":"https:\/\/srv-juriste-victimes.fr\/index.php\/wp-json\/wp\/v2\/media?parent=2210"}],"curies":[{"name":"wp","href":"https:\/\/api.w.org\/{rel}","templated":true}]}}